{"id":5227,"date":"2023-03-07T11:47:17","date_gmt":"2023-03-07T10:47:17","guid":{"rendered":"https:\/\/liquid-surf.com\/pie-de-imprenta\/"},"modified":"2024-04-22T16:58:45","modified_gmt":"2024-04-22T14:58:45","slug":"pie-de-imprenta","status":"publish","type":"page","link":"https:\/\/liquid-surf.com\/es\/pie-de-imprenta\/","title":{"rendered":"Pie de imprenta"},"content":{"rendered":"<p><strong>Responsable del contenido:<br \/>\n<\/strong>Liquid-Surf<br \/>\nBoris Malchereck<br \/>\nFlotowstr.31<br \/>\n22083 Hamburgo<\/p>\n<p>(De lunes a viernes de 10:00 a 17:00)<br \/>\nM\u00f3vil: +49 (0) 172 42 67 597<br \/>\n<strong>Correo electr\u00f3nico:<a href=\"mailto:info@liquid-surf.com\"> info@liquid-surf.com<\/a><\/strong><\/p>\n<p>IVA ID: DE210495246<\/p>\n<p><strong>Nuestra direcci\u00f3n en Espa\u00f1a:<br \/>\n<\/strong>Liquid-Surf Travel S.L.U<br \/>\nCalle Usera No 45<br \/>\n39160 Langre<br \/>\nRibamontan al Mar<br \/>\nCantabria<\/p>\n<p>Tel: +34 659742956 (de finales de mayo a octubre)<\/p>\n<p>CIF :B39729942<\/p>\n<p><strong>Dise\u00f1o y realizaci\u00f3n:<\/strong><\/p>\n<p><a href=\"https:\/\/elbfabrik.de\">elbfabrik.de<\/a><\/p>\n<p><strong>Derechos de autor:<\/strong><br \/>\nEl contenido y la estructura de nuestro sitio web est\u00e1n protegidos por derechos de autor.<br \/>\nEl uso, reproducci\u00f3n, modificaci\u00f3n, procesamiento y almacenamiento de informaci\u00f3n y datos, en particular el uso de textos o im\u00e1genes, aunque sea parcialmente, requiere autorizaci\u00f3n previa.<\/p>\n","protected":false},"excerpt":{"rendered":"<p>Responsable del contenido: Liquid-Surf Boris Malchereck Flotowstr.31 22083 Hamburgo (De [&hellip;]<\/p>\n","protected":false},"author":1,"featured_media":0,"parent":0,"menu_order":0,"comment_status":"closed","ping_status":"closed","template":"100-width.php","meta":{"footnotes":""},"class_list":["post-5227","page","type-page","status-publish","hentry"],"yoast_head":"<!-- This site is optimized with the Yoast SEO plugin v23.9 - https:\/\/yoast.com\/wordpress\/plugins\/seo\/ -->\n<title>Pie de imprenta - Liquid Surf<\/title>\n<meta name=\"robots\" content=\"index, follow, max-snippet:-1, max-image-preview:large, max-video-preview:-1\" \/>\n<link rel=\"canonical\" href=\"https:\/\/liquid-surf.com\/es\/pie-de-imprenta\/\" \/>\n<meta property=\"og:locale\" content=\"es_ES\" \/>\n<meta property=\"og:type\" content=\"article\" \/>\n<meta property=\"og:title\" content=\"Pie de imprenta - Liquid Surf\" \/>\n<meta property=\"og:description\" content=\"Responsable del contenido: Liquid-Surf Boris Malchereck Flotowstr.31 22083 Hamburgo (De [&hellip;]\" \/>\n<meta property=\"og:url\" content=\"https:\/\/liquid-surf.com\/es\/pie-de-imprenta\/\" \/>\n<meta property=\"og:site_name\" content=\"Liquid Surf\" \/>\n<meta property=\"article:publisher\" content=\"https:\/\/www.facebook.com\/liquidsurf\/?locale=de_DE\" \/>\n<meta property=\"article:modified_time\" content=\"2024-04-22T14:58:45+00:00\" \/>\n<meta name=\"twitter:card\" content=\"summary_large_image\" \/>\n<meta name=\"twitter:label1\" content=\"Tiempo de lectura\" \/>\n\t<meta name=\"twitter:data1\" content=\"1 minuto\" \/>\n<script type=\"application\/ld+json\" class=\"yoast-schema-graph\">{\"@context\":\"https:\/\/schema.org\",\"@graph\":[{\"@type\":\"WebPage\",\"@id\":\"https:\/\/liquid-surf.com\/es\/pie-de-imprenta\/\",\"url\":\"https:\/\/liquid-surf.com\/es\/pie-de-imprenta\/\",\"name\":\"Pie de imprenta - Liquid Surf\",\"isPartOf\":{\"@id\":\"https:\/\/liquid-surf.com\/es\/#website\"},\"datePublished\":\"2023-03-07T10:47:17+00:00\",\"dateModified\":\"2024-04-22T14:58:45+00:00\",\"breadcrumb\":{\"@id\":\"https:\/\/liquid-surf.com\/es\/pie-de-imprenta\/#breadcrumb\"},\"inLanguage\":\"es\",\"potentialAction\":[{\"@type\":\"ReadAction\",\"target\":[\"https:\/\/liquid-surf.com\/es\/pie-de-imprenta\/\"]}]},{\"@type\":\"BreadcrumbList\",\"@id\":\"https:\/\/liquid-surf.com\/es\/pie-de-imprenta\/#breadcrumb\",\"itemListElement\":[{\"@type\":\"ListItem\",\"position\":1,\"name\":\"Startseite\",\"item\":\"https:\/\/liquid-surf.com\/es\/\"},{\"@type\":\"ListItem\",\"position\":2,\"name\":\"Pie de imprenta\"}]},{\"@type\":\"WebSite\",\"@id\":\"https:\/\/liquid-surf.com\/es\/#website\",\"url\":\"https:\/\/liquid-surf.com\/es\/\",\"name\":\"Liquid Surf: Surfen lernen, Wellenreiten, Surfcamp Spanien + Karibik\",\"description\":\"Dein Surfhouse in Spanien und der Karibik\",\"publisher\":{\"@id\":\"https:\/\/liquid-surf.com\/es\/#organization\"},\"potentialAction\":[{\"@type\":\"SearchAction\",\"target\":{\"@type\":\"EntryPoint\",\"urlTemplate\":\"https:\/\/liquid-surf.com\/es\/?s={search_term_string}\"},\"query-input\":{\"@type\":\"PropertyValueSpecification\",\"valueRequired\":true,\"valueName\":\"search_term_string\"}}],\"inLanguage\":\"es\"},{\"@type\":\"Organization\",\"@id\":\"https:\/\/liquid-surf.com\/es\/#organization\",\"name\":\"Liquid Surf\",\"url\":\"https:\/\/liquid-surf.com\/es\/\",\"logo\":{\"@type\":\"ImageObject\",\"inLanguage\":\"es\",\"@id\":\"https:\/\/liquid-surf.com\/es\/#\/schema\/logo\/image\/\",\"url\":\"https:\/\/liquid-surf.com\/wp-content\/uploads\/2023\/01\/retinalogo.jpg\",\"contentUrl\":\"https:\/\/liquid-surf.com\/wp-content\/uploads\/2023\/01\/retinalogo.jpg\",\"width\":600,\"height\":300,\"caption\":\"Liquid Surf\"},\"image\":{\"@id\":\"https:\/\/liquid-surf.com\/es\/#\/schema\/logo\/image\/\"},\"sameAs\":[\"https:\/\/www.facebook.com\/liquidsurf\/?locale=de_DE\",\"https:\/\/www.instagram.com\/liquid_surf\/?hl=de\"]}]}<\/script>\n<!-- \/ Yoast SEO plugin. -->","yoast_head_json":{"title":"Pie de imprenta - Liquid Surf","robots":{"index":"index","follow":"follow","max-snippet":"max-snippet:-1","max-image-preview":"max-image-preview:large","max-video-preview":"max-video-preview:-1"},"canonical":"https:\/\/liquid-surf.com\/es\/pie-de-imprenta\/","og_locale":"es_ES","og_type":"article","og_title":"Pie de imprenta - Liquid Surf","og_description":"Responsable del contenido: Liquid-Surf Boris Malchereck Flotowstr.31 22083 Hamburgo (De [&hellip;]","og_url":"https:\/\/liquid-surf.com\/es\/pie-de-imprenta\/","og_site_name":"Liquid Surf","article_publisher":"https:\/\/www.facebook.com\/liquidsurf\/?locale=de_DE","article_modified_time":"2024-04-22T14:58:45+00:00","twitter_card":"summary_large_image","twitter_misc":{"Tiempo de lectura":"1 minuto"},"schema":{"@context":"https:\/\/schema.org","@graph":[{"@type":"WebPage","@id":"https:\/\/liquid-surf.com\/es\/pie-de-imprenta\/","url":"https:\/\/liquid-surf.com\/es\/pie-de-imprenta\/","name":"Pie de imprenta - Liquid Surf","isPartOf":{"@id":"https:\/\/liquid-surf.com\/es\/#website"},"datePublished":"2023-03-07T10:47:17+00:00","dateModified":"2024-04-22T14:58:45+00:00","breadcrumb":{"@id":"https:\/\/liquid-surf.com\/es\/pie-de-imprenta\/#breadcrumb"},"inLanguage":"es","potentialAction":[{"@type":"ReadAction","target":["https:\/\/liquid-surf.com\/es\/pie-de-imprenta\/"]}]},{"@type":"BreadcrumbList","@id":"https:\/\/liquid-surf.com\/es\/pie-de-imprenta\/#breadcrumb","itemListElement":[{"@type":"ListItem","position":1,"name":"Startseite","item":"https:\/\/liquid-surf.com\/es\/"},{"@type":"ListItem","position":2,"name":"Pie de imprenta"}]},{"@type":"WebSite","@id":"https:\/\/liquid-surf.com\/es\/#website","url":"https:\/\/liquid-surf.com\/es\/","name":"Liquid Surf: Surfen lernen, Wellenreiten, Surfcamp Spanien + Karibik","description":"Dein Surfhouse in Spanien und der Karibik","publisher":{"@id":"https:\/\/liquid-surf.com\/es\/#organization"},"potentialAction":[{"@type":"SearchAction","target":{"@type":"EntryPoint","urlTemplate":"https:\/\/liquid-surf.com\/es\/?s={search_term_string}"},"query-input":{"@type":"PropertyValueSpecification","valueRequired":true,"valueName":"search_term_string"}}],"inLanguage":"es"},{"@type":"Organization","@id":"https:\/\/liquid-surf.com\/es\/#organization","name":"Liquid Surf","url":"https:\/\/liquid-surf.com\/es\/","logo":{"@type":"ImageObject","inLanguage":"es","@id":"https:\/\/liquid-surf.com\/es\/#\/schema\/logo\/image\/","url":"https:\/\/liquid-surf.com\/wp-content\/uploads\/2023\/01\/retinalogo.jpg","contentUrl":"https:\/\/liquid-surf.com\/wp-content\/uploads\/2023\/01\/retinalogo.jpg","width":600,"height":300,"caption":"Liquid Surf"},"image":{"@id":"https:\/\/liquid-surf.com\/es\/#\/schema\/logo\/image\/"},"sameAs":["https:\/\/www.facebook.com\/liquidsurf\/?locale=de_DE","https:\/\/www.instagram.com\/liquid_surf\/?hl=de"]}]}},"_links":{"self":[{"href":"https:\/\/liquid-surf.com\/es\/wp-json\/wp\/v2\/pages\/5227","targetHints":{"allow":["GET"]}}],"collection":[{"href":"https:\/\/liquid-surf.com\/es\/wp-json\/wp\/v2\/pages"}],"about":[{"href":"https:\/\/liquid-surf.com\/es\/wp-json\/wp\/v2\/types\/page"}],"author":[{"embeddable":true,"href":"https:\/\/liquid-surf.com\/es\/wp-json\/wp\/v2\/users\/1"}],"replies":[{"embeddable":true,"href":"https:\/\/liquid-surf.com\/es\/wp-json\/wp\/v2\/comments?post=5227"}],"version-history":[{"count":1,"href":"https:\/\/liquid-surf.com\/es\/wp-json\/wp\/v2\/pages\/5227\/revisions"}],"predecessor-version":[{"id":5237,"href":"https:\/\/liquid-surf.com\/es\/wp-json\/wp\/v2\/pages\/5227\/revisions\/5237"}],"wp:attachment":[{"href":"https:\/\/liquid-surf.com\/es\/wp-json\/wp\/v2\/media?parent=5227"}],"curies":[{"name":"wp","href":"https:\/\/api.w.org\/{rel}","templated":true}]}}